{"id":50,"date":"2023-07-01T15:28:44","date_gmt":"2023-07-01T13:28:44","guid":{"rendered":"http:\/\/vorschau.speer-antiquitaeten.de\/?page_id=50"},"modified":"2023-07-01T15:28:44","modified_gmt":"2023-07-01T13:28:44","slug":"kontakt","status":"publish","type":"page","link":"https:\/\/speer-raeume.de\/?page_id=50","title":{"rendered":"Kontakt"},"content":{"rendered":"\n<p>F\u00fcr Fragen und Anregungen haben Sie folgende M\u00f6glichkeiten uns zu erreichen.<\/p>\n\n\n\n<div class=\"wp-block-columns is-layout-flex wp-container-core-columns-is-layout-9d6595d7 wp-block-columns-is-layout-flex\">\n<div class=\"wp-block-column is-layout-flow wp-block-column-is-layout-flow\">\n<p><strong>Anschrift:<\/strong><br>Hauptstra\u00dfe 37<br>25489 Haseldorf<\/p>\n<\/div>\n\n\n\n<div class=\"wp-block-column is-layout-flow wp-block-column-is-layout-flow\">\n<p class=\"has-text-align-right\"><br><strong>Telefon<\/strong>: <a href=\"tel:+4129955933\" data-type=\"tel\" data-id=\"tel:+4129955933\">04129 \/ 955 933<\/a><br><strong>Email<\/strong>: <a href=\"mailto:info@speer-raeume.de\">info@speer-raeume.de<\/a><\/p>\n<\/div>\n<\/div>\n\n\n\n<p><\/p>\n","protected":false},"excerpt":{"rendered":"<p>F\u00fcr Fragen und Anregungen haben Sie folgende M\u00f6glichkeiten uns zu erreichen. Anschrift:Hauptstra\u00dfe 3725489 Haseldorf Telefon: 04129 \/ 955 933Email: info@speer-raeume.de<\/p>\n","protected":false},"author":1,"featured_media":0,"parent":0,"menu_order":0,"comment_status":"closed","ping_status":"closed","template":"","meta":{"footnotes":""},"class_list":["post-50","page","type-page","status-publish","hentry"],"yoast_head":"<!-- This site is optimized with the Yoast SEO plugin v21.7 - https:\/\/yoast.com\/wordpress\/plugins\/seo\/ -->\n<title>Kontakt - Torsten Speer<\/title>\n<meta name=\"robots\" content=\"index, follow, max-snippet:-1, max-image-preview:large, max-video-preview:-1\" \/>\n<link rel=\"canonical\" href=\"https:\/\/speer-raeume.de\/?page_id=50\" \/>\n<script type=\"application\/ld+json\" class=\"yoast-schema-graph\">{\"@context\":\"https:\/\/schema.org\",\"@graph\":[{\"@type\":\"WebPage\",\"@id\":\"https:\/\/speer-raeume.de\/?page_id=50\",\"url\":\"https:\/\/speer-raeume.de\/?page_id=50\",\"name\":\"Kontakt - Torsten Speer\",\"isPartOf\":{\"@id\":\"https:\/\/speer-raeume.de\/#website\"},\"datePublished\":\"2023-07-01T13:28:44+00:00\",\"dateModified\":\"2023-07-01T13:28:44+00:00\",\"breadcrumb\":{\"@id\":\"https:\/\/speer-raeume.de\/?page_id=50#breadcrumb\"},\"inLanguage\":\"de\",\"potentialAction\":[{\"@type\":\"ReadAction\",\"target\":[\"https:\/\/speer-raeume.de\/?page_id=50\"]}]},{\"@type\":\"BreadcrumbList\",\"@id\":\"https:\/\/speer-raeume.de\/?page_id=50#breadcrumb\",\"itemListElement\":[{\"@type\":\"ListItem\",\"position\":1,\"name\":\"Startseite\",\"item\":\"https:\/\/speer-raeume.de\/\"},{\"@type\":\"ListItem\",\"position\":2,\"name\":\"Kontakt\"}]},{\"@type\":\"WebSite\",\"@id\":\"https:\/\/speer-raeume.de\/#website\",\"url\":\"https:\/\/speer-raeume.de\/\",\"name\":\"Torsten Speer\",\"description\":\"Antiquit\u00e4ten | Tischlerei | R\u00e4ume | Elbw\u00e4rts\",\"potentialAction\":[{\"@type\":\"SearchAction\",\"target\":{\"@type\":\"EntryPoint\",\"urlTemplate\":\"https:\/\/speer-raeume.de\/?s={search_term_string}\"},\"query-input\":\"required name=search_term_string\"}],\"inLanguage\":\"de\"}]}<\/script>\n<!-- \/ Yoast SEO plugin. -->","yoast_head_json":{"title":"Kontakt - Torsten Speer","robots":{"index":"index","follow":"follow","max-snippet":"max-snippet:-1","max-image-preview":"max-image-preview:large","max-video-preview":"max-video-preview:-1"},"canonical":"https:\/\/speer-raeume.de\/?page_id=50","schema":{"@context":"https:\/\/schema.org","@graph":[{"@type":"WebPage","@id":"https:\/\/speer-raeume.de\/?page_id=50","url":"https:\/\/speer-raeume.de\/?page_id=50","name":"Kontakt - Torsten Speer","isPartOf":{"@id":"https:\/\/speer-raeume.de\/#website"},"datePublished":"2023-07-01T13:28:44+00:00","dateModified":"2023-07-01T13:28:44+00:00","breadcrumb":{"@id":"https:\/\/speer-raeume.de\/?page_id=50#breadcrumb"},"inLanguage":"de","potentialAction":[{"@type":"ReadAction","target":["https:\/\/speer-raeume.de\/?page_id=50"]}]},{"@type":"BreadcrumbList","@id":"https:\/\/speer-raeume.de\/?page_id=50#breadcrumb","itemListElement":[{"@type":"ListItem","position":1,"name":"Startseite","item":"https:\/\/speer-raeume.de\/"},{"@type":"ListItem","position":2,"name":"Kontakt"}]},{"@type":"WebSite","@id":"https:\/\/speer-raeume.de\/#website","url":"https:\/\/speer-raeume.de\/","name":"Torsten Speer","description":"Antiquit\u00e4ten | Tischlerei | R\u00e4ume | Elbw\u00e4rts","potentialAction":[{"@type":"SearchAction","target":{"@type":"EntryPoint","urlTemplate":"https:\/\/speer-raeume.de\/?s={search_term_string}"},"query-input":"required name=search_term_string"}],"inLanguage":"de"}]}},"_links":{"self":[{"href":"https:\/\/speer-raeume.de\/index.php?rest_route=\/wp\/v2\/pages\/50","targetHints":{"allow":["GET"]}}],"collection":[{"href":"https:\/\/speer-raeume.de\/index.php?rest_route=\/wp\/v2\/pages"}],"about":[{"href":"https:\/\/speer-raeume.de\/index.php?rest_route=\/wp\/v2\/types\/page"}],"author":[{"embeddable":true,"href":"https:\/\/speer-raeume.de\/index.php?rest_route=\/wp\/v2\/users\/1"}],"replies":[{"embeddable":true,"href":"https:\/\/speer-raeume.de\/index.php?rest_route=%2Fwp%2Fv2%2Fcomments&post=50"}],"version-history":[{"count":0,"href":"https:\/\/speer-raeume.de\/index.php?rest_route=\/wp\/v2\/pages\/50\/revisions"}],"wp:attachment":[{"href":"https:\/\/speer-raeume.de\/index.php?rest_route=%2Fwp%2Fv2%2Fmedia&parent=50"}],"curies":[{"name":"wp","href":"https:\/\/api.w.org\/{rel}","templated":true}]}}